{"id":317,"date":"2020-04-02T10:54:22","date_gmt":"2020-04-02T10:54:22","guid":{"rendered":"http:\/\/apartments-kadenca.com\/apartment-luka-2\/"},"modified":"2020-04-03T15:01:31","modified_gmt":"2020-04-03T15:01:31","slug":"wohnung-luka-2","status":"publish","type":"page","link":"https:\/\/apartments-kadenca.com\/de\/wohnungen\/wohnung-luka-2\/","title":{"rendered":"Wohnung Luka 2"},"content":{"rendered":"<p>[vc_row][vc_column width=&#8220;1\/2&#8243;]<div id=\"cz_62582\" class=\"cz_62582 cz_title clr cz_title_pos_inline tac\"><div class=\"cz_title_shape shape_image cz_shape_1\"><img width=\"200\" height=\"17\" src=\"data:image\/svg+xml,%3Csvg%20xmlns%3D&#39;http%3A%2F%2Fwww.w3.org%2F2000%2Fsvg&#39;%20width=&#39;200&#39;%20height=&#39;17&#39;%20viewBox%3D&#39;0%200%20200%2017&#39;%2F%3E\" data-czlz data-src=\"https:\/\/apartments-kadenca.com\/wp-content\/uploads\/2020\/04\/heading-shape.png\" class=\"attachment-full\" alt=\"\" title=\"heading-shape\" \/><\/div><div class=\"cz_title_content\"><div class=\"cz_wpe_content\"><h3 style=\"text-align: center;\">Wohnung Luka 2 (2+3)<\/h3>\n<\/div><\/div><\/div>[vc_column_text]Die Wohnung ist f\u00fcr maximal 4 Personen ausgelegt. Die Wohnung verf\u00fcgt \u00fcber ein Zimmer mit Doppelbett, WC, K\u00fcche und Wohnzimmer mit Schlafsofa f\u00fcr 2 Personen. Im Zimmer befindet sich ein Sofa, das bei Bedarf f\u00fcr ein Einzelbett ge\u00f6ffnet werden kann.<\/p>\n<p>Die Terrasse hat einen sch\u00f6nen Meerblick, Parkpl\u00e4tze stehen im Hof \u200b\u200bzur Verf\u00fcgung, Wi-Fi, LCD, Grill. Die Gesamtfl\u00e4che der Wohnung betr\u00e4gt 55 m<sup>2<\/sup>. Die Wohnung ist klimatisiert und befindet sich auf dem Dachboden &#8211; im dritten Stock, 50 m vom Strand entfernt (die Autobahn f\u00fchrt zum Strand).[\/vc_column_text]<ul id=\"cz_43675\" class=\"cz_43675 cz_stylish_list clr cz_sl_icon_hover_zoom_in\"><li class=\"clr\"><div class=\"cz_sl_icon\"><i class=\"fas fa-angle-double-right mr10\" ><\/i><\/div><div><span>Parkpl\u00e4tze stehen auf dem Hof zur Verf\u00fcgung.<\/span><\/div><\/li><li class=\"clr\"><div class=\"cz_sl_icon\"><i class=\"fas fa-angle-double-right mr10\" ><\/i><\/div><div><span>Bettw\u00e4sche und Handt\u00fccher werden in der Wohnung willkommen gehei\u00dfen.<\/span><\/div><\/li><li class=\"clr\"><div class=\"cz_sl_icon\"><i class=\"fas fa-angle-double-right mr10\" ><\/i><\/div><div><span>Der Grill befindet sich hinten im Hof.<\/span><\/div><\/li><li class=\"clr\"><div class=\"cz_sl_icon\"><i class=\"fas fa-angle-double-right mr10\" ><\/i><\/div><div><span>Steuern sind im Preis enthalten.<\/span><\/div><\/li><li class=\"clr\"><div class=\"cz_sl_icon\"><i class=\"fas fa-angle-double-right mr10\" ><\/i><\/div><div><span>Preis auf Anfrage<\/span><\/div><\/li><\/ul><div class=\"cz_btn_block\"><div class=\"cz_101495_p\"><a id=\"cz_101495\" class=\"cz_101495 cz_btn cz_btn_txt_no_fx cz_btn_no_fx\" href=\"http:\/\/apartments-kadenca.com\/de\/kontakt\/\" title=\"Contact\"><span><strong>Buchungsanfrage<\/strong><\/span><b class=\"cz_btn_onhover\"><strong>Buchungsanfrage<\/strong><\/b><\/a><\/div><\/div>[vc_column_text css=&#8220;.vc_custom_1585926075085{margin-top: 35px !important;padding-top: 15px !important;padding-right: 20px !important;padding-bottom: 15px !important;padding-left: 20px !important;background-color: #f3f3f3 !important;}&#8220;]Die Entfernung zum Restaurant betr\u00e4gt 300 m, der Supermarkt 500 m. Die Entfernung vom Zentrum von Omis betr\u00e4gt 3 km. Es gibt viele Freizeiteinrichtungen in der N\u00e4he (Rafting, Seilrutsche, Canyoning, Tauchzentrum, Segelschul&#8230;). Am Strand k\u00f6nnen verschiedene Einrichtungen gemietet werden (Tretboote, Schnellboote, Boote, Boote f\u00fcr einen Tagesausflug zu den Inseln).<\/p>\n<p>Die Stadt bietet eine breite Palette an Adrenalinsportarten wie Rafting auf dem Fluss Cetina, Canyoning und Ausfl\u00fcge zu den Inseln Brac, Hvar und Vis.<\/p>\n<p>Das Anwesen befindet sich in einer sehr guten Lage. Split ist 25 km entfernt, Krka-Wasserf\u00e4lle sind 100 km von unserer Anlage entfernt. Trogir und Makarska Riviera sind 40 km entfernt. Sie k\u00f6nnen alle oben genannten Dinge w\u00e4hrend Ihres Aufenthalts bei uns besuchen (innerhalb von 1 Stunde mit dem Auto).[\/vc_column_text][\/vc_column][vc_column width=&#8220;1\/2&#8243;][vc_row_inner css=&#8220;.vc_custom_1585824179975{margin-top: -25px !important;}&#8220;][vc_column_inner width=&#8220;1\/5&#8243;]<div id=\"cz_99179\" class=\"cz_99179 services clr style11 cz_sbi_fx_7a services_b\"><div class=\"service_img\"><img width=\"90\" height=\"90\" src=\"data:image\/svg+xml,%3Csvg%20xmlns%3D&#39;http%3A%2F%2Fwww.w3.org%2F2000%2Fsvg&#39;%20width=&#39;90&#39;%20height=&#39;90&#39;%20viewBox%3D&#39;0%200%2090%2090&#39;%2F%3E\" data-czlz data-src=\"https:\/\/apartments-kadenca.com\/wp-content\/uploads\/2020\/04\/tv.png\" class=\"service-icon attachment-thumbnail\" alt=\"TV\" title=\"tv\" \/><\/div><div class=\"service_text\"><h3>LCD TV<\/h3><div class=\"cz_wpe_content\"><\/div><\/div><\/div>[\/vc_column_inner][vc_column_inner width=&#8220;1\/5&#8243;]<div id=\"cz_90044\" class=\"cz_90044 services clr style11 cz_sbi_fx_7a services_b\"><div class=\"service_img\"><img width=\"90\" height=\"90\" src=\"data:image\/svg+xml,%3Csvg%20xmlns%3D&#39;http%3A%2F%2Fwww.w3.org%2F2000%2Fsvg&#39;%20width=&#39;90&#39;%20height=&#39;90&#39;%20viewBox%3D&#39;0%200%2090%2090&#39;%2F%3E\" data-czlz data-src=\"https:\/\/apartments-kadenca.com\/wp-content\/uploads\/2020\/04\/wifi.png\" class=\"service-icon attachment-thumbnail\" alt=\"wifi\" title=\"wifi\" \/><\/div><div class=\"service_text\"><h3>WiFi<\/h3><div class=\"cz_wpe_content\"><\/div><\/div><\/div>[\/vc_column_inner][vc_column_inner width=&#8220;1\/5&#8243;]<div id=\"cz_106812\" class=\"cz_106812 services clr style11 cz_sbi_fx_7a services_b\"><div class=\"service_img\"><img width=\"90\" height=\"90\" src=\"data:image\/svg+xml,%3Csvg%20xmlns%3D&#39;http%3A%2F%2Fwww.w3.org%2F2000%2Fsvg&#39;%20width=&#39;90&#39;%20height=&#39;90&#39;%20viewBox%3D&#39;0%200%2090%2090&#39;%2F%3E\" data-czlz data-src=\"https:\/\/apartments-kadenca.com\/wp-content\/uploads\/2020\/04\/klima.png\" class=\"service-icon attachment-thumbnail\" alt=\"klima\" title=\"klima\" \/><\/div><div class=\"service_text\"><h3>A.C.<\/h3><div class=\"cz_wpe_content\"><\/div><\/div><\/div>[\/vc_column_inner][vc_column_inner width=&#8220;1\/5&#8243;]<div id=\"cz_24333\" class=\"cz_24333 services clr style11 cz_sbi_fx_7a services_b\"><div class=\"service_img\"><img width=\"90\" height=\"90\" src=\"data:image\/svg+xml,%3Csvg%20xmlns%3D&#39;http%3A%2F%2Fwww.w3.org%2F2000%2Fsvg&#39;%20width=&#39;90&#39;%20height=&#39;90&#39;%20viewBox%3D&#39;0%200%2090%2090&#39;%2F%3E\" data-czlz data-src=\"https:\/\/apartments-kadenca.com\/wp-content\/uploads\/2020\/04\/parking.png\" class=\"service-icon attachment-thumbnail\" alt=\"parking\" title=\"parking\" \/><\/div><div class=\"service_text\"><h3>PARKING<\/h3><div class=\"cz_wpe_content\"><\/div><\/div><\/div>[\/vc_column_inner][vc_column_inner width=&#8220;1\/5&#8243;]<div id=\"cz_28109\" class=\"cz_28109 services clr style11 cz_sbi_fx_7a services_b\"><div class=\"service_img\"><img width=\"90\" height=\"90\" src=\"data:image\/svg+xml,%3Csvg%20xmlns%3D&#39;http%3A%2F%2Fwww.w3.org%2F2000%2Fsvg&#39;%20width=&#39;90&#39;%20height=&#39;90&#39;%20viewBox%3D&#39;0%200%2090%2090&#39;%2F%3E\" data-czlz data-src=\"https:\/\/apartments-kadenca.com\/wp-content\/uploads\/2020\/04\/grill.png\" class=\"service-icon attachment-thumbnail\" alt=\"grill\" title=\"grill\" \/><\/div><div class=\"service_text\"><h3>GRILL<\/h3><div class=\"cz_wpe_content\"><\/div><\/div><\/div>[\/vc_column_inner][\/vc_row_inner]<div id=\"cz_98786\" class=\"cz_grid_p cz_98786\"><div class=\"cz_grid cz_grid_1 clr cz_grid_c3 cz_grid_1_no_title cz_grid_1_mid tac\"><div class=\"cz_grid_item cz_grid_first\"><\/div><div class=\"cz_grid_item \"><div><a class=\"cz_grid_link \" href=\"https:\/\/apartments-kadenca.com\/wp-content\/uploads\/2020\/04\/apartmani-kadenca-luka-2-001-1.jpg\" data-xtra-lightbox data-xtra-lightbox><img width=\"600\" height=\"600\" src=\"data:image\/svg+xml,%3Csvg%20xmlns%3D&#39;http%3A%2F%2Fwww.w3.org%2F2000%2Fsvg&#39;%20width=&#39;600&#39;%20height=&#39;600&#39;%20viewBox%3D&#39;0%200%20600%20600&#39;%2F%3E\" data-czlz data-src=\"https:\/\/apartments-kadenca.com\/wp-content\/uploads\/2020\/04\/apartmani-kadenca-luka-2-001-1-600x600.jpg\" class=\"attachment-codevz_600_600\" alt=\"Apartmani Kadenca - Apartman Luka 2\" title=\"Apartmani-Kadenca-Luka-2-001\" data-srcset=\"https:\/\/apartments-kadenca.com\/wp-content\/uploads\/2020\/04\/apartmani-kadenca-luka-2-001-1-600x600.jpg 600w, https:\/\/apartments-kadenca.com\/wp-content\/uploads\/2020\/04\/apartmani-kadenca-luka-2-001-1-250x250.jpg 250w\" data-sizes=\"(max-width: 600px) 100vw, 600px\" \/><div class=\"cz_grid_details\"><i class=\"fa fa-search cz_grid_icon\"><\/i><\/div><\/a><\/div><\/div><div class=\"cz_grid_item \"><div><a class=\"cz_grid_link \" href=\"https:\/\/apartments-kadenca.com\/wp-content\/uploads\/2020\/04\/apartmani-kadenca-luka-2-002-1.jpg\" data-xtra-lightbox data-xtra-lightbox><img width=\"600\" height=\"600\" src=\"data:image\/svg+xml,%3Csvg%20xmlns%3D&#39;http%3A%2F%2Fwww.w3.org%2F2000%2Fsvg&#39;%20width=&#39;600&#39;%20height=&#39;600&#39;%20viewBox%3D&#39;0%200%20600%20600&#39;%2F%3E\" data-czlz data-src=\"https:\/\/apartments-kadenca.com\/wp-content\/uploads\/2020\/04\/apartmani-kadenca-luka-2-002-1-600x600.jpg\" class=\"attachment-codevz_600_600\" alt=\"Apartmani Kadenca - Apartman Luka 2\" title=\"Apartmani-Kadenca-Luka-2-002\" data-srcset=\"https:\/\/apartments-kadenca.com\/wp-content\/uploads\/2020\/04\/apartmani-kadenca-luka-2-002-1-600x600.jpg 600w, https:\/\/apartments-kadenca.com\/wp-content\/uploads\/2020\/04\/apartmani-kadenca-luka-2-002-1-250x250.jpg 250w\" data-sizes=\"(max-width: 600px) 100vw, 600px\" \/><div class=\"cz_grid_details\"><i class=\"fa fa-search cz_grid_icon\"><\/i><\/div><\/a><\/div><\/div><div class=\"cz_grid_item \"><div><a class=\"cz_grid_link \" href=\"https:\/\/apartments-kadenca.com\/wp-content\/uploads\/2020\/04\/apartmani-kadenca-luka-2-003-1.jpg\" data-xtra-lightbox data-xtra-lightbox><img width=\"600\" height=\"600\" src=\"data:image\/svg+xml,%3Csvg%20xmlns%3D&#39;http%3A%2F%2Fwww.w3.org%2F2000%2Fsvg&#39;%20width=&#39;600&#39;%20height=&#39;600&#39;%20viewBox%3D&#39;0%200%20600%20600&#39;%2F%3E\" data-czlz data-src=\"https:\/\/apartments-kadenca.com\/wp-content\/uploads\/2020\/04\/apartmani-kadenca-luka-2-003-1-600x600.jpg\" class=\"attachment-codevz_600_600\" alt=\"Apartmani Kadenca - Apartman Luka 2\" title=\"Apartmani-Kadenca-Luka-2-003\" data-srcset=\"https:\/\/apartments-kadenca.com\/wp-content\/uploads\/2020\/04\/apartmani-kadenca-luka-2-003-1-600x600.jpg 600w, https:\/\/apartments-kadenca.com\/wp-content\/uploads\/2020\/04\/apartmani-kadenca-luka-2-003-1-250x250.jpg 250w\" data-sizes=\"(max-width: 600px) 100vw, 600px\" \/><div class=\"cz_grid_details\"><i class=\"fa fa-search cz_grid_icon\"><\/i><\/div><\/a><\/div><\/div><div class=\"cz_grid_item \"><div><a class=\"cz_grid_link \" href=\"https:\/\/apartments-kadenca.com\/wp-content\/uploads\/2020\/04\/apartmani-kadenca-luka-2-004-1.jpg\" data-xtra-lightbox data-xtra-lightbox><img width=\"600\" height=\"600\" src=\"data:image\/svg+xml,%3Csvg%20xmlns%3D&#39;http%3A%2F%2Fwww.w3.org%2F2000%2Fsvg&#39;%20width=&#39;600&#39;%20height=&#39;600&#39;%20viewBox%3D&#39;0%200%20600%20600&#39;%2F%3E\" data-czlz data-src=\"https:\/\/apartments-kadenca.com\/wp-content\/uploads\/2020\/04\/apartmani-kadenca-luka-2-004-1-600x600.jpg\" class=\"attachment-codevz_600_600\" alt=\"Apartmani Kadenca - Apartman Luka 2\" title=\"Apartmani-Kadenca-Luka-2-004\" data-srcset=\"https:\/\/apartments-kadenca.com\/wp-content\/uploads\/2020\/04\/apartmani-kadenca-luka-2-004-1-600x600.jpg 600w, https:\/\/apartments-kadenca.com\/wp-content\/uploads\/2020\/04\/apartmani-kadenca-luka-2-004-1-250x250.jpg 250w\" data-sizes=\"(max-width: 600px) 100vw, 600px\" \/><div class=\"cz_grid_details\"><i class=\"fa fa-search cz_grid_icon\"><\/i><\/div><\/a><\/div><\/div><div class=\"cz_grid_item \"><div><a class=\"cz_grid_link \" href=\"https:\/\/apartments-kadenca.com\/wp-content\/uploads\/2020\/04\/apartmani-kadenca-luka-2-005-1.jpg\" data-xtra-lightbox data-xtra-lightbox><img width=\"600\" height=\"600\" src=\"data:image\/svg+xml,%3Csvg%20xmlns%3D&#39;http%3A%2F%2Fwww.w3.org%2F2000%2Fsvg&#39;%20width=&#39;600&#39;%20height=&#39;600&#39;%20viewBox%3D&#39;0%200%20600%20600&#39;%2F%3E\" data-czlz data-src=\"https:\/\/apartments-kadenca.com\/wp-content\/uploads\/2020\/04\/apartmani-kadenca-luka-2-005-1-600x600.jpg\" class=\"attachment-codevz_600_600\" alt=\"Apartmani Kadenca - Apartman Luka 2\" title=\"Apartmani-Kadenca-Luka-2-005\" data-srcset=\"https:\/\/apartments-kadenca.com\/wp-content\/uploads\/2020\/04\/apartmani-kadenca-luka-2-005-1-600x600.jpg 600w, https:\/\/apartments-kadenca.com\/wp-content\/uploads\/2020\/04\/apartmani-kadenca-luka-2-005-1-250x250.jpg 250w\" data-sizes=\"(max-width: 600px) 100vw, 600px\" \/><div class=\"cz_grid_details\"><i class=\"fa fa-search cz_grid_icon\"><\/i><\/div><\/a><\/div><\/div><div class=\"cz_grid_item \"><div><a class=\"cz_grid_link \" href=\"https:\/\/apartments-kadenca.com\/wp-content\/uploads\/2020\/04\/apartmani-kadenca-luka-2-006-1.jpg\" data-xtra-lightbox data-xtra-lightbox><img width=\"600\" height=\"600\" src=\"data:image\/svg+xml,%3Csvg%20xmlns%3D&#39;http%3A%2F%2Fwww.w3.org%2F2000%2Fsvg&#39;%20width=&#39;600&#39;%20height=&#39;600&#39;%20viewBox%3D&#39;0%200%20600%20600&#39;%2F%3E\" data-czlz data-src=\"https:\/\/apartments-kadenca.com\/wp-content\/uploads\/2020\/04\/apartmani-kadenca-luka-2-006-1-600x600.jpg\" class=\"attachment-codevz_600_600\" alt=\"Apartmani Kadenca - Apartman Luka 2\" title=\"Apartmani-Kadenca-Luka-2-006\" data-srcset=\"https:\/\/apartments-kadenca.com\/wp-content\/uploads\/2020\/04\/apartmani-kadenca-luka-2-006-1-600x600.jpg 600w, https:\/\/apartments-kadenca.com\/wp-content\/uploads\/2020\/04\/apartmani-kadenca-luka-2-006-1-250x250.jpg 250w\" data-sizes=\"(max-width: 600px) 100vw, 600px\" \/><div class=\"cz_grid_details\"><i class=\"fa fa-search cz_grid_icon\"><\/i><\/div><\/a><\/div><\/div><div class=\"cz_grid_item \"><div><a class=\"cz_grid_link \" href=\"https:\/\/apartments-kadenca.com\/wp-content\/uploads\/2020\/04\/apartmani-kadenca-luka-2-007-1.jpg\" data-xtra-lightbox data-xtra-lightbox><img width=\"600\" height=\"600\" src=\"data:image\/svg+xml,%3Csvg%20xmlns%3D&#39;http%3A%2F%2Fwww.w3.org%2F2000%2Fsvg&#39;%20width=&#39;600&#39;%20height=&#39;600&#39;%20viewBox%3D&#39;0%200%20600%20600&#39;%2F%3E\" data-czlz data-src=\"https:\/\/apartments-kadenca.com\/wp-content\/uploads\/2020\/04\/apartmani-kadenca-luka-2-007-1-600x600.jpg\" class=\"attachment-codevz_600_600\" alt=\"Apartmani Kadenca - Apartman Luka 2\" title=\"Apartmani-Kadenca-Luka-2-007\" data-srcset=\"https:\/\/apartments-kadenca.com\/wp-content\/uploads\/2020\/04\/apartmani-kadenca-luka-2-007-1-600x600.jpg 600w, https:\/\/apartments-kadenca.com\/wp-content\/uploads\/2020\/04\/apartmani-kadenca-luka-2-007-1-250x250.jpg 250w\" data-sizes=\"(max-width: 600px) 100vw, 600px\" \/><div class=\"cz_grid_details\"><i class=\"fa fa-search cz_grid_icon\"><\/i><\/div><\/a><\/div><\/div><div class=\"cz_grid_item \"><div><a class=\"cz_grid_link \" href=\"https:\/\/apartments-kadenca.com\/wp-content\/uploads\/2020\/04\/apartmani-kadenca-luka-2-008-1.jpg\" data-xtra-lightbox data-xtra-lightbox><img width=\"600\" height=\"600\" src=\"data:image\/svg+xml,%3Csvg%20xmlns%3D&#39;http%3A%2F%2Fwww.w3.org%2F2000%2Fsvg&#39;%20width=&#39;600&#39;%20height=&#39;600&#39;%20viewBox%3D&#39;0%200%20600%20600&#39;%2F%3E\" data-czlz data-src=\"https:\/\/apartments-kadenca.com\/wp-content\/uploads\/2020\/04\/apartmani-kadenca-luka-2-008-1-600x600.jpg\" class=\"attachment-codevz_600_600\" alt=\"Apartmani Kadenca - Apartman Luka 2\" title=\"Apartmani-Kadenca-Luka-2-008\" data-srcset=\"https:\/\/apartments-kadenca.com\/wp-content\/uploads\/2020\/04\/apartmani-kadenca-luka-2-008-1-600x600.jpg 600w, https:\/\/apartments-kadenca.com\/wp-content\/uploads\/2020\/04\/apartmani-kadenca-luka-2-008-1-250x250.jpg 250w\" data-sizes=\"(max-width: 600px) 100vw, 600px\" \/><div class=\"cz_grid_details\"><i class=\"fa fa-search cz_grid_icon\"><\/i><\/div><\/a><\/div><\/div><div class=\"cz_grid_item \"><div><a class=\"cz_grid_link \" href=\"https:\/\/apartments-kadenca.com\/wp-content\/uploads\/2020\/04\/apartmani-kadenca-luka-2-009-1.jpg\" data-xtra-lightbox data-xtra-lightbox><img width=\"600\" height=\"600\" src=\"data:image\/svg+xml,%3Csvg%20xmlns%3D&#39;http%3A%2F%2Fwww.w3.org%2F2000%2Fsvg&#39;%20width=&#39;600&#39;%20height=&#39;600&#39;%20viewBox%3D&#39;0%200%20600%20600&#39;%2F%3E\" data-czlz data-src=\"https:\/\/apartments-kadenca.com\/wp-content\/uploads\/2020\/04\/apartmani-kadenca-luka-2-009-1-600x600.jpg\" class=\"attachment-codevz_600_600\" alt=\"Apartmani Kadenca - Apartman Luka 2\" title=\"Apartmani-Kadenca-Luka-2-009\" data-srcset=\"https:\/\/apartments-kadenca.com\/wp-content\/uploads\/2020\/04\/apartmani-kadenca-luka-2-009-1-600x600.jpg 600w, https:\/\/apartments-kadenca.com\/wp-content\/uploads\/2020\/04\/apartmani-kadenca-luka-2-009-1-250x250.jpg 250w\" data-sizes=\"(max-width: 600px) 100vw, 600px\" \/><div class=\"cz_grid_details\"><i class=\"fa fa-search cz_grid_icon\"><\/i><\/div><\/a><\/div><\/div><div class=\"cz_grid_item \"><div><a class=\"cz_grid_link \" href=\"https:\/\/apartments-kadenca.com\/wp-content\/uploads\/2020\/04\/apartmani-kadenca-luka-2-010-1.jpg\" data-xtra-lightbox data-xtra-lightbox><img width=\"600\" height=\"600\" src=\"data:image\/svg+xml,%3Csvg%20xmlns%3D&#39;http%3A%2F%2Fwww.w3.org%2F2000%2Fsvg&#39;%20width=&#39;600&#39;%20height=&#39;600&#39;%20viewBox%3D&#39;0%200%20600%20600&#39;%2F%3E\" data-czlz data-src=\"https:\/\/apartments-kadenca.com\/wp-content\/uploads\/2020\/04\/apartmani-kadenca-luka-2-010-1-600x600.jpg\" class=\"attachment-codevz_600_600\" alt=\"Apartmani Kadenca - Apartman Luka 2\" title=\"Apartmani-Kadenca-Luka-2-010\" data-srcset=\"https:\/\/apartments-kadenca.com\/wp-content\/uploads\/2020\/04\/apartmani-kadenca-luka-2-010-1-600x600.jpg 600w, https:\/\/apartments-kadenca.com\/wp-content\/uploads\/2020\/04\/apartmani-kadenca-luka-2-010-1-250x250.jpg 250w\" data-sizes=\"(max-width: 600px) 100vw, 600px\" \/><div class=\"cz_grid_details\"><i class=\"fa fa-search cz_grid_icon\"><\/i><\/div><\/a><\/div><\/div><div class=\"cz_grid_item \"><div><a class=\"cz_grid_link \" href=\"https:\/\/apartments-kadenca.com\/wp-content\/uploads\/2020\/04\/apartmani-kadenca-luka-2-011-1.jpg\" data-xtra-lightbox data-xtra-lightbox><img width=\"600\" height=\"600\" src=\"data:image\/svg+xml,%3Csvg%20xmlns%3D&#39;http%3A%2F%2Fwww.w3.org%2F2000%2Fsvg&#39;%20width=&#39;600&#39;%20height=&#39;600&#39;%20viewBox%3D&#39;0%200%20600%20600&#39;%2F%3E\" data-czlz data-src=\"https:\/\/apartments-kadenca.com\/wp-content\/uploads\/2020\/04\/apartmani-kadenca-luka-2-011-1-600x600.jpg\" class=\"attachment-codevz_600_600\" alt=\"Apartmani Kadenca - Apartman Luka 2\" title=\"Apartmani-Kadenca-Luka-2-011\" data-srcset=\"https:\/\/apartments-kadenca.com\/wp-content\/uploads\/2020\/04\/apartmani-kadenca-luka-2-011-1-600x600.jpg 600w, https:\/\/apartments-kadenca.com\/wp-content\/uploads\/2020\/04\/apartmani-kadenca-luka-2-011-1-250x250.jpg 250w\" data-sizes=\"(max-width: 600px) 100vw, 600px\" \/><div class=\"cz_grid_details\"><i class=\"fa fa-search cz_grid_icon\"><\/i><\/div><\/a><\/div><\/div><div class=\"cz_grid_item \"><div><a class=\"cz_grid_link \" href=\"https:\/\/apartments-kadenca.com\/wp-content\/uploads\/2020\/04\/apartmani-kadenca-luka-2-012-1.jpg\" data-xtra-lightbox data-xtra-lightbox><img width=\"600\" height=\"600\" src=\"data:image\/svg+xml,%3Csvg%20xmlns%3D&#39;http%3A%2F%2Fwww.w3.org%2F2000%2Fsvg&#39;%20width=&#39;600&#39;%20height=&#39;600&#39;%20viewBox%3D&#39;0%200%20600%20600&#39;%2F%3E\" data-czlz data-src=\"https:\/\/apartments-kadenca.com\/wp-content\/uploads\/2020\/04\/apartmani-kadenca-luka-2-012-1-600x600.jpg\" class=\"attachment-codevz_600_600\" alt=\"Apartmani Kadenca - Apartman Luka 2\" title=\"Apartmani-Kadenca-Luka-2-012\" data-srcset=\"https:\/\/apartments-kadenca.com\/wp-content\/uploads\/2020\/04\/apartmani-kadenca-luka-2-012-1-600x600.jpg 600w, https:\/\/apartments-kadenca.com\/wp-content\/uploads\/2020\/04\/apartmani-kadenca-luka-2-012-1-250x250.jpg 250w\" data-sizes=\"(max-width: 600px) 100vw, 600px\" \/><div class=\"cz_grid_details\"><i class=\"fa fa-search cz_grid_icon\"><\/i><\/div><\/a><\/div><\/div><div class=\"cz_grid_item \"><div><a class=\"cz_grid_link \" href=\"https:\/\/apartments-kadenca.com\/wp-content\/uploads\/2020\/04\/apartmani-kadenca-luka-2-013-1.jpg\" data-xtra-lightbox data-xtra-lightbox><img width=\"600\" height=\"600\" src=\"data:image\/svg+xml,%3Csvg%20xmlns%3D&#39;http%3A%2F%2Fwww.w3.org%2F2000%2Fsvg&#39;%20width=&#39;600&#39;%20height=&#39;600&#39;%20viewBox%3D&#39;0%200%20600%20600&#39;%2F%3E\" data-czlz data-src=\"https:\/\/apartments-kadenca.com\/wp-content\/uploads\/2020\/04\/apartmani-kadenca-luka-2-013-1-600x600.jpg\" class=\"attachment-codevz_600_600\" alt=\"Apartmani Kadenca - Apartman Luka 2\" title=\"Apartmani-Kadenca-Luka-2-013\" data-srcset=\"https:\/\/apartments-kadenca.com\/wp-content\/uploads\/2020\/04\/apartmani-kadenca-luka-2-013-1-600x600.jpg 600w, https:\/\/apartments-kadenca.com\/wp-content\/uploads\/2020\/04\/apartmani-kadenca-luka-2-013-1-250x250.jpg 250w\" data-sizes=\"(max-width: 600px) 100vw, 600px\" \/><div class=\"cz_grid_details\"><i class=\"fa fa-search cz_grid_icon\"><\/i><\/div><\/a><\/div><\/div><div class=\"cz_grid_item \"><div><a class=\"cz_grid_link \" href=\"https:\/\/apartments-kadenca.com\/wp-content\/uploads\/2020\/04\/apartmani-kadenca-luka-2-014.jpg\" data-xtra-lightbox data-xtra-lightbox><img width=\"600\" height=\"600\" src=\"data:image\/svg+xml,%3Csvg%20xmlns%3D&#39;http%3A%2F%2Fwww.w3.org%2F2000%2Fsvg&#39;%20width=&#39;600&#39;%20height=&#39;600&#39;%20viewBox%3D&#39;0%200%20600%20600&#39;%2F%3E\" data-czlz data-src=\"https:\/\/apartments-kadenca.com\/wp-content\/uploads\/2020\/04\/apartmani-kadenca-luka-2-014-600x600.jpg\" class=\"attachment-codevz_600_600\" alt=\"Apartmani Kadenca - Apartman Luka 2\" title=\"Apartmani-Kadenca-Luka-2-014\" data-srcset=\"https:\/\/apartments-kadenca.com\/wp-content\/uploads\/2020\/04\/apartmani-kadenca-luka-2-014-600x600.jpg 600w, https:\/\/apartments-kadenca.com\/wp-content\/uploads\/2020\/04\/apartmani-kadenca-luka-2-014-250x250.jpg 250w\" data-sizes=\"(max-width: 600px) 100vw, 600px\" \/><div class=\"cz_grid_details\"><i class=\"fa fa-search cz_grid_icon\"><\/i><\/div><\/a><\/div><\/div><div class=\"cz_grid_item \"><div><a class=\"cz_grid_link \" href=\"https:\/\/apartments-kadenca.com\/wp-content\/uploads\/2020\/04\/tlocrt-treci-kat-luka-2.jpg\" data-xtra-lightbox data-xtra-lightbox><img width=\"600\" height=\"600\" src=\"data:image\/svg+xml,%3Csvg%20xmlns%3D&#39;http%3A%2F%2Fwww.w3.org%2F2000%2Fsvg&#39;%20width=&#39;600&#39;%20height=&#39;600&#39;%20viewBox%3D&#39;0%200%20600%20600&#39;%2F%3E\" data-czlz data-src=\"https:\/\/apartments-kadenca.com\/wp-content\/uploads\/2020\/04\/tlocrt-treci-kat-luka-2-600x600.jpg\" class=\"attachment-codevz_600_600\" alt=\"Apartmani Kadenca - Apartman Luka 2\" title=\"tlocrt-treci-kat-Luka-2\" data-srcset=\"https:\/\/apartments-kadenca.com\/wp-content\/uploads\/2020\/04\/tlocrt-treci-kat-luka-2-600x600.jpg 600w, https:\/\/apartments-kadenca.com\/wp-content\/uploads\/2020\/04\/tlocrt-treci-kat-luka-2-250x250.jpg 250w\" data-sizes=\"(max-width: 600px) 100vw, 600px\" \/><div class=\"cz_grid_details\"><i class=\"fa fa-search cz_grid_icon\"><\/i><\/div><\/a><\/div><\/div><\/div><\/div>[\/vc_column][\/vc_row]<\/p>\n","protected":false},"excerpt":{"rendered":"<p>[vc_row][vc_column width=&#8220;1\/2&#8243;][vc_column_text]Die Wohnung ist f\u00fcr maximal 4 Personen ausgelegt. Die Wohnung &#8230; <\/p>\n","protected":false},"author":1,"featured_media":0,"parent":330,"menu_order":0,"comment_status":"closed","ping_status":"closed","template":"","meta":[],"_links":{"self":[{"href":"https:\/\/apartments-kadenca.com\/de\/wp-json\/wp\/v2\/pages\/317"}],"collection":[{"href":"https:\/\/apartments-kadenca.com\/de\/wp-json\/wp\/v2\/pages"}],"about":[{"href":"https:\/\/apartments-kadenca.com\/de\/wp-json\/wp\/v2\/types\/page"}],"author":[{"embeddable":true,"href":"https:\/\/apartments-kadenca.com\/de\/wp-json\/wp\/v2\/users\/1"}],"replies":[{"embeddable":true,"href":"https:\/\/apartments-kadenca.com\/de\/wp-json\/wp\/v2\/comments?post=317"}],"version-history":[{"count":2,"href":"https:\/\/apartments-kadenca.com\/de\/wp-json\/wp\/v2\/pages\/317\/revisions"}],"predecessor-version":[{"id":323,"href":"https:\/\/apartments-kadenca.com\/de\/wp-json\/wp\/v2\/pages\/317\/revisions\/323"}],"up":[{"embeddable":true,"href":"https:\/\/apartments-kadenca.com\/de\/wp-json\/wp\/v2\/pages\/330"}],"wp:attachment":[{"href":"https:\/\/apartments-kadenca.com\/de\/wp-json\/wp\/v2\/media?parent=317"}],"curies":[{"name":"wp","href":"https:\/\/api.w.org\/{rel}","templated":true}]}}