{"id":127,"date":"2020-04-02T10:54:22","date_gmt":"2020-04-02T10:54:22","guid":{"rendered":"http:\/\/apartments-kadenca.com\/?page_id=127"},"modified":"2020-04-02T11:07:53","modified_gmt":"2020-04-02T11:07:53","slug":"apartman-luka-2","status":"publish","type":"page","link":"https:\/\/apartments-kadenca.com\/hr\/apartmani\/apartman-luka-2\/","title":{"rendered":"Apartman Luka 2"},"content":{"rendered":"<p>[vc_row][vc_column width=&#8221;1\/2&#8243;]<div id=\"cz_101342\" class=\"cz_101342 cz_title clr cz_title_pos_inline tac\"><div class=\"cz_title_shape shape_image cz_shape_1\"><img width=\"200\" height=\"17\" src=\"data:image\/svg+xml,%3Csvg%20xmlns%3D&#39;http%3A%2F%2Fwww.w3.org%2F2000%2Fsvg&#39;%20width=&#39;200&#39;%20height=&#39;17&#39;%20viewBox%3D&#39;0%200%20200%2017&#39;%2F%3E\" data-czlz data-src=\"https:\/\/apartments-kadenca.com\/wp-content\/uploads\/2020\/04\/heading-shape.png\" class=\"attachment-full\" alt=\"\" title=\"heading-shape\" \/><\/div><div class=\"cz_title_content\"><div class=\"cz_wpe_content\"><h3 style=\"text-align: center;\">Apartman Luka 2 (2+3)<\/h3>\n<\/div><\/div><\/div>[vc_column_text]Apartman je predvi\u0111en za maksimalno 4 osobe. Apartman sadr\u017ei jednu sobu s bra\u010dnim krevetom, toalet, kuhinju i dnevni boravak u kojem je sofa-le\u017eaj za 2 osobe. U sobi postoji kau\u010d koji se mo\u017ee otvoriti po potrebi za le\u017eaj za jednu osobu.<\/p>\n<p>Terasa ima predivan pogled na more, parking osiguran u dvori\u0161tu, wi-fi, LCD, grill. Ukupna povr\u0161ina apartman je 55 m<sup>2<\/sup>. Apartman je klimatiziran, nalazi se u potkrovlju \u2013 na tre\u0107em katu objekta, udaljen je 50 m od pla\u017ee (prije\u0111e se magistrala do pla\u017ee).[\/vc_column_text]<ul id=\"cz_20283\" class=\"cz_20283 cz_stylish_list clr cz_sl_icon_hover_zoom_in\"><li class=\"clr\"><div class=\"cz_sl_icon\"><i class=\"fas fa-angle-double-right mr10\" ><\/i><\/div><div><span>Parking je osiguran u dvori\u0161tu objekta.<\/span><\/div><\/li><li class=\"clr\"><div class=\"cz_sl_icon\"><i class=\"fas fa-angle-double-right mr10\" ><\/i><\/div><div><span>Posteljina i ru\u010dnici \u0107e vas do\u010dekati u apartmanu.<\/span><\/div><\/li><li class=\"clr\"><div class=\"cz_sl_icon\"><i class=\"fas fa-angle-double-right mr10\" ><\/i><\/div><div><span>Ro\u0161tilj se nalazi sa stra\u017enje strane u dvori\u0161tu objekta.<\/span><\/div><\/li><li class=\"clr\"><div class=\"cz_sl_icon\"><i class=\"fas fa-angle-double-right mr10\" ><\/i><\/div><div><span>Taxa je uklju\u010dena u cijenu.<\/span><\/div><\/li><li class=\"clr\"><div class=\"cz_sl_icon\"><i class=\"fas fa-angle-double-right mr10\" ><\/i><\/div><div><span>Cijena na upit<\/span><\/div><\/li><\/ul><div class=\"cz_btn_block\"><div class=\"cz_54330_p\"><a id=\"cz_54330\" class=\"cz_54330 cz_btn cz_btn_txt_no_fx cz_btn_no_fx\" href=\"#\"><span><strong>Zatra\u017eite rezervaciju<\/strong><\/span><b class=\"cz_btn_onhover\"><strong>Zatra\u017eite rezervaciju<\/strong><\/b><\/a><\/div><\/div>[vc_column_text css=&#8221;.vc_custom_1585824822368{margin-top: 35px !important;padding-top: 15px !important;padding-right: 20px !important;padding-bottom: 15px !important;padding-left: 20px !important;background-color: #f3f3f3 !important;}&#8221;]Udaljenost restorana je 300 m, supermarketa 500 m. Udaljenost od centra Omi\u0161a je 3 km. U blizini ima mnogo rekreacijskih sadr\u017eaja (rafting, zipline, canyoning, centar za ronjenje, \u0161kola za jedrenje..). Na pla\u017ei se nalaze razni sadr\u017eaji za najam (pedaline, gliseri, brodice, brodovi za jednodnevni izlet na otoke).<\/p>\n<p>U gradu je \u0161iroka ponuda adrenalinskih sportova kao \u0161to su rafting na rijeci Cetini, canjoning, izleti na otoke Bra\u010d, Hvar, Vis.<\/p>\n<p>Objekt se nalazi na jako dobroj poziciji. Split je 25 km udaljen, slapovi Krke su 100 km udaljeni od na\u0161eg objekta. Trogir te Makarska rivijera su 40 km udaljeni. Sve navedeno mo\u017eete posjetiti dok boravite kod nas (unutar 1 sat vo\u017enje autom).[\/vc_column_text][\/vc_column][vc_column width=&#8221;1\/2&#8243;][vc_row_inner css=&#8221;.vc_custom_1585824179975{margin-top: -25px !important;}&#8221;][vc_column_inner width=&#8221;1\/5&#8243;]<div id=\"cz_99179\" class=\"cz_99179 services clr style11 cz_sbi_fx_7a services_b\"><div class=\"service_img\"><img width=\"90\" height=\"90\" src=\"data:image\/svg+xml,%3Csvg%20xmlns%3D&#39;http%3A%2F%2Fwww.w3.org%2F2000%2Fsvg&#39;%20width=&#39;90&#39;%20height=&#39;90&#39;%20viewBox%3D&#39;0%200%2090%2090&#39;%2F%3E\" data-czlz data-src=\"https:\/\/apartments-kadenca.com\/wp-content\/uploads\/2020\/04\/tv.png\" class=\"service-icon attachment-thumbnail\" alt=\"TV\" title=\"tv\" \/><\/div><div class=\"service_text\"><h3>LCD TV<\/h3><div class=\"cz_wpe_content\"><\/div><\/div><\/div>[\/vc_column_inner][vc_column_inner width=&#8221;1\/5&#8243;]<div id=\"cz_90044\" class=\"cz_90044 services clr style11 cz_sbi_fx_7a services_b\"><div class=\"service_img\"><img width=\"90\" height=\"90\" src=\"data:image\/svg+xml,%3Csvg%20xmlns%3D&#39;http%3A%2F%2Fwww.w3.org%2F2000%2Fsvg&#39;%20width=&#39;90&#39;%20height=&#39;90&#39;%20viewBox%3D&#39;0%200%2090%2090&#39;%2F%3E\" data-czlz data-src=\"https:\/\/apartments-kadenca.com\/wp-content\/uploads\/2020\/04\/wifi.png\" class=\"service-icon attachment-thumbnail\" alt=\"wifi\" title=\"wifi\" \/><\/div><div class=\"service_text\"><h3>WiFi<\/h3><div class=\"cz_wpe_content\"><\/div><\/div><\/div>[\/vc_column_inner][vc_column_inner width=&#8221;1\/5&#8243;]<div id=\"cz_66950\" class=\"cz_66950 services clr style11 cz_sbi_fx_7a services_b\"><div class=\"service_img\"><img width=\"90\" height=\"90\" src=\"data:image\/svg+xml,%3Csvg%20xmlns%3D&#39;http%3A%2F%2Fwww.w3.org%2F2000%2Fsvg&#39;%20width=&#39;90&#39;%20height=&#39;90&#39;%20viewBox%3D&#39;0%200%2090%2090&#39;%2F%3E\" data-czlz data-src=\"https:\/\/apartments-kadenca.com\/wp-content\/uploads\/2020\/04\/klima.png\" class=\"service-icon attachment-thumbnail\" alt=\"klima\" title=\"klima\" \/><\/div><div class=\"service_text\"><h3>KLIMA<\/h3><div class=\"cz_wpe_content\"><\/div><\/div><\/div>[\/vc_column_inner][vc_column_inner width=&#8221;1\/5&#8243;]<div id=\"cz_24333\" class=\"cz_24333 services clr style11 cz_sbi_fx_7a services_b\"><div class=\"service_img\"><img width=\"90\" height=\"90\" src=\"data:image\/svg+xml,%3Csvg%20xmlns%3D&#39;http%3A%2F%2Fwww.w3.org%2F2000%2Fsvg&#39;%20width=&#39;90&#39;%20height=&#39;90&#39;%20viewBox%3D&#39;0%200%2090%2090&#39;%2F%3E\" data-czlz data-src=\"https:\/\/apartments-kadenca.com\/wp-content\/uploads\/2020\/04\/parking.png\" class=\"service-icon attachment-thumbnail\" alt=\"parking\" title=\"parking\" \/><\/div><div class=\"service_text\"><h3>PARKING<\/h3><div class=\"cz_wpe_content\"><\/div><\/div><\/div>[\/vc_column_inner][vc_column_inner width=&#8221;1\/5&#8243;]<div id=\"cz_62988\" class=\"cz_62988 services clr style11 cz_sbi_fx_7a services_b\"><div class=\"service_img\"><img width=\"90\" height=\"90\" src=\"data:image\/svg+xml,%3Csvg%20xmlns%3D&#39;http%3A%2F%2Fwww.w3.org%2F2000%2Fsvg&#39;%20width=&#39;90&#39;%20height=&#39;90&#39;%20viewBox%3D&#39;0%200%2090%2090&#39;%2F%3E\" data-czlz data-src=\"https:\/\/apartments-kadenca.com\/wp-content\/uploads\/2020\/04\/grill.png\" class=\"service-icon attachment-thumbnail\" alt=\"grill\" title=\"grill\" \/><\/div><div class=\"service_text\"><h3>RO\u0160TILJ<\/h3><div class=\"cz_wpe_content\"><\/div><\/div><\/div>[\/vc_column_inner][\/vc_row_inner]<div id=\"cz_98786\" class=\"cz_grid_p cz_98786\"><div class=\"cz_grid cz_grid_1 clr cz_grid_c3 cz_grid_1_no_title cz_grid_1_mid tac\"><div class=\"cz_grid_item cz_grid_first\"><\/div><div class=\"cz_grid_item \"><div><a class=\"cz_grid_link \" href=\"https:\/\/apartments-kadenca.com\/wp-content\/uploads\/2020\/04\/apartmani-kadenca-luka-2-001-1.jpg\" data-xtra-lightbox data-xtra-lightbox><img width=\"600\" height=\"600\" src=\"data:image\/svg+xml,%3Csvg%20xmlns%3D&#39;http%3A%2F%2Fwww.w3.org%2F2000%2Fsvg&#39;%20width=&#39;600&#39;%20height=&#39;600&#39;%20viewBox%3D&#39;0%200%20600%20600&#39;%2F%3E\" data-czlz data-src=\"https:\/\/apartments-kadenca.com\/wp-content\/uploads\/2020\/04\/apartmani-kadenca-luka-2-001-1-600x600.jpg\" class=\"attachment-codevz_600_600\" alt=\"Apartmani Kadenca - Apartman Luka 2\" title=\"Apartmani-Kadenca-Luka-2-001\" data-srcset=\"https:\/\/apartments-kadenca.com\/wp-content\/uploads\/2020\/04\/apartmani-kadenca-luka-2-001-1-600x600.jpg 600w, https:\/\/apartments-kadenca.com\/wp-content\/uploads\/2020\/04\/apartmani-kadenca-luka-2-001-1-250x250.jpg 250w\" data-sizes=\"(max-width: 600px) 100vw, 600px\" \/><div class=\"cz_grid_details\"><i class=\"fa fa-search cz_grid_icon\"><\/i><\/div><\/a><\/div><\/div><div class=\"cz_grid_item \"><div><a class=\"cz_grid_link \" href=\"https:\/\/apartments-kadenca.com\/wp-content\/uploads\/2020\/04\/apartmani-kadenca-luka-2-002-1.jpg\" data-xtra-lightbox data-xtra-lightbox><img width=\"600\" height=\"600\" src=\"data:image\/svg+xml,%3Csvg%20xmlns%3D&#39;http%3A%2F%2Fwww.w3.org%2F2000%2Fsvg&#39;%20width=&#39;600&#39;%20height=&#39;600&#39;%20viewBox%3D&#39;0%200%20600%20600&#39;%2F%3E\" data-czlz data-src=\"https:\/\/apartments-kadenca.com\/wp-content\/uploads\/2020\/04\/apartmani-kadenca-luka-2-002-1-600x600.jpg\" class=\"attachment-codevz_600_600\" alt=\"Apartmani Kadenca - Apartman Luka 2\" title=\"Apartmani-Kadenca-Luka-2-002\" data-srcset=\"https:\/\/apartments-kadenca.com\/wp-content\/uploads\/2020\/04\/apartmani-kadenca-luka-2-002-1-600x600.jpg 600w, https:\/\/apartments-kadenca.com\/wp-content\/uploads\/2020\/04\/apartmani-kadenca-luka-2-002-1-250x250.jpg 250w\" data-sizes=\"(max-width: 600px) 100vw, 600px\" \/><div class=\"cz_grid_details\"><i class=\"fa fa-search cz_grid_icon\"><\/i><\/div><\/a><\/div><\/div><div class=\"cz_grid_item \"><div><a class=\"cz_grid_link \" href=\"https:\/\/apartments-kadenca.com\/wp-content\/uploads\/2020\/04\/apartmani-kadenca-luka-2-003-1.jpg\" data-xtra-lightbox data-xtra-lightbox><img width=\"600\" height=\"600\" src=\"data:image\/svg+xml,%3Csvg%20xmlns%3D&#39;http%3A%2F%2Fwww.w3.org%2F2000%2Fsvg&#39;%20width=&#39;600&#39;%20height=&#39;600&#39;%20viewBox%3D&#39;0%200%20600%20600&#39;%2F%3E\" data-czlz data-src=\"https:\/\/apartments-kadenca.com\/wp-content\/uploads\/2020\/04\/apartmani-kadenca-luka-2-003-1-600x600.jpg\" class=\"attachment-codevz_600_600\" alt=\"Apartmani Kadenca - Apartman Luka 2\" title=\"Apartmani-Kadenca-Luka-2-003\" data-srcset=\"https:\/\/apartments-kadenca.com\/wp-content\/uploads\/2020\/04\/apartmani-kadenca-luka-2-003-1-600x600.jpg 600w, https:\/\/apartments-kadenca.com\/wp-content\/uploads\/2020\/04\/apartmani-kadenca-luka-2-003-1-250x250.jpg 250w\" data-sizes=\"(max-width: 600px) 100vw, 600px\" \/><div class=\"cz_grid_details\"><i class=\"fa fa-search cz_grid_icon\"><\/i><\/div><\/a><\/div><\/div><div class=\"cz_grid_item \"><div><a class=\"cz_grid_link \" href=\"https:\/\/apartments-kadenca.com\/wp-content\/uploads\/2020\/04\/apartmani-kadenca-luka-2-004-1.jpg\" data-xtra-lightbox data-xtra-lightbox><img width=\"600\" height=\"600\" src=\"data:image\/svg+xml,%3Csvg%20xmlns%3D&#39;http%3A%2F%2Fwww.w3.org%2F2000%2Fsvg&#39;%20width=&#39;600&#39;%20height=&#39;600&#39;%20viewBox%3D&#39;0%200%20600%20600&#39;%2F%3E\" data-czlz data-src=\"https:\/\/apartments-kadenca.com\/wp-content\/uploads\/2020\/04\/apartmani-kadenca-luka-2-004-1-600x600.jpg\" class=\"attachment-codevz_600_600\" alt=\"Apartmani Kadenca - Apartman Luka 2\" title=\"Apartmani-Kadenca-Luka-2-004\" data-srcset=\"https:\/\/apartments-kadenca.com\/wp-content\/uploads\/2020\/04\/apartmani-kadenca-luka-2-004-1-600x600.jpg 600w, https:\/\/apartments-kadenca.com\/wp-content\/uploads\/2020\/04\/apartmani-kadenca-luka-2-004-1-250x250.jpg 250w\" data-sizes=\"(max-width: 600px) 100vw, 600px\" \/><div class=\"cz_grid_details\"><i class=\"fa fa-search cz_grid_icon\"><\/i><\/div><\/a><\/div><\/div><div class=\"cz_grid_item \"><div><a class=\"cz_grid_link \" href=\"https:\/\/apartments-kadenca.com\/wp-content\/uploads\/2020\/04\/apartmani-kadenca-luka-2-005-1.jpg\" data-xtra-lightbox data-xtra-lightbox><img width=\"600\" height=\"600\" src=\"data:image\/svg+xml,%3Csvg%20xmlns%3D&#39;http%3A%2F%2Fwww.w3.org%2F2000%2Fsvg&#39;%20width=&#39;600&#39;%20height=&#39;600&#39;%20viewBox%3D&#39;0%200%20600%20600&#39;%2F%3E\" data-czlz data-src=\"https:\/\/apartments-kadenca.com\/wp-content\/uploads\/2020\/04\/apartmani-kadenca-luka-2-005-1-600x600.jpg\" class=\"attachment-codevz_600_600\" alt=\"Apartmani Kadenca - Apartman Luka 2\" title=\"Apartmani-Kadenca-Luka-2-005\" data-srcset=\"https:\/\/apartments-kadenca.com\/wp-content\/uploads\/2020\/04\/apartmani-kadenca-luka-2-005-1-600x600.jpg 600w, https:\/\/apartments-kadenca.com\/wp-content\/uploads\/2020\/04\/apartmani-kadenca-luka-2-005-1-250x250.jpg 250w\" data-sizes=\"(max-width: 600px) 100vw, 600px\" \/><div class=\"cz_grid_details\"><i class=\"fa fa-search cz_grid_icon\"><\/i><\/div><\/a><\/div><\/div><div class=\"cz_grid_item \"><div><a class=\"cz_grid_link \" href=\"https:\/\/apartments-kadenca.com\/wp-content\/uploads\/2020\/04\/apartmani-kadenca-luka-2-006-1.jpg\" data-xtra-lightbox data-xtra-lightbox><img width=\"600\" height=\"600\" src=\"data:image\/svg+xml,%3Csvg%20xmlns%3D&#39;http%3A%2F%2Fwww.w3.org%2F2000%2Fsvg&#39;%20width=&#39;600&#39;%20height=&#39;600&#39;%20viewBox%3D&#39;0%200%20600%20600&#39;%2F%3E\" data-czlz data-src=\"https:\/\/apartments-kadenca.com\/wp-content\/uploads\/2020\/04\/apartmani-kadenca-luka-2-006-1-600x600.jpg\" class=\"attachment-codevz_600_600\" alt=\"Apartmani Kadenca - Apartman Luka 2\" title=\"Apartmani-Kadenca-Luka-2-006\" data-srcset=\"https:\/\/apartments-kadenca.com\/wp-content\/uploads\/2020\/04\/apartmani-kadenca-luka-2-006-1-600x600.jpg 600w, https:\/\/apartments-kadenca.com\/wp-content\/uploads\/2020\/04\/apartmani-kadenca-luka-2-006-1-250x250.jpg 250w\" data-sizes=\"(max-width: 600px) 100vw, 600px\" \/><div class=\"cz_grid_details\"><i class=\"fa fa-search cz_grid_icon\"><\/i><\/div><\/a><\/div><\/div><div class=\"cz_grid_item \"><div><a class=\"cz_grid_link \" href=\"https:\/\/apartments-kadenca.com\/wp-content\/uploads\/2020\/04\/apartmani-kadenca-luka-2-007-1.jpg\" data-xtra-lightbox data-xtra-lightbox><img width=\"600\" height=\"600\" src=\"data:image\/svg+xml,%3Csvg%20xmlns%3D&#39;http%3A%2F%2Fwww.w3.org%2F2000%2Fsvg&#39;%20width=&#39;600&#39;%20height=&#39;600&#39;%20viewBox%3D&#39;0%200%20600%20600&#39;%2F%3E\" data-czlz data-src=\"https:\/\/apartments-kadenca.com\/wp-content\/uploads\/2020\/04\/apartmani-kadenca-luka-2-007-1-600x600.jpg\" class=\"attachment-codevz_600_600\" alt=\"Apartmani Kadenca - Apartman Luka 2\" title=\"Apartmani-Kadenca-Luka-2-007\" data-srcset=\"https:\/\/apartments-kadenca.com\/wp-content\/uploads\/2020\/04\/apartmani-kadenca-luka-2-007-1-600x600.jpg 600w, https:\/\/apartments-kadenca.com\/wp-content\/uploads\/2020\/04\/apartmani-kadenca-luka-2-007-1-250x250.jpg 250w\" data-sizes=\"(max-width: 600px) 100vw, 600px\" \/><div class=\"cz_grid_details\"><i class=\"fa fa-search cz_grid_icon\"><\/i><\/div><\/a><\/div><\/div><div class=\"cz_grid_item \"><div><a class=\"cz_grid_link \" href=\"https:\/\/apartments-kadenca.com\/wp-content\/uploads\/2020\/04\/apartmani-kadenca-luka-2-008-1.jpg\" data-xtra-lightbox data-xtra-lightbox><img width=\"600\" height=\"600\" src=\"data:image\/svg+xml,%3Csvg%20xmlns%3D&#39;http%3A%2F%2Fwww.w3.org%2F2000%2Fsvg&#39;%20width=&#39;600&#39;%20height=&#39;600&#39;%20viewBox%3D&#39;0%200%20600%20600&#39;%2F%3E\" data-czlz data-src=\"https:\/\/apartments-kadenca.com\/wp-content\/uploads\/2020\/04\/apartmani-kadenca-luka-2-008-1-600x600.jpg\" class=\"attachment-codevz_600_600\" alt=\"Apartmani Kadenca - Apartman Luka 2\" title=\"Apartmani-Kadenca-Luka-2-008\" data-srcset=\"https:\/\/apartments-kadenca.com\/wp-content\/uploads\/2020\/04\/apartmani-kadenca-luka-2-008-1-600x600.jpg 600w, https:\/\/apartments-kadenca.com\/wp-content\/uploads\/2020\/04\/apartmani-kadenca-luka-2-008-1-250x250.jpg 250w\" data-sizes=\"(max-width: 600px) 100vw, 600px\" \/><div class=\"cz_grid_details\"><i class=\"fa fa-search cz_grid_icon\"><\/i><\/div><\/a><\/div><\/div><div class=\"cz_grid_item \"><div><a class=\"cz_grid_link \" href=\"https:\/\/apartments-kadenca.com\/wp-content\/uploads\/2020\/04\/apartmani-kadenca-luka-2-009-1.jpg\" data-xtra-lightbox data-xtra-lightbox><img width=\"600\" height=\"600\" src=\"data:image\/svg+xml,%3Csvg%20xmlns%3D&#39;http%3A%2F%2Fwww.w3.org%2F2000%2Fsvg&#39;%20width=&#39;600&#39;%20height=&#39;600&#39;%20viewBox%3D&#39;0%200%20600%20600&#39;%2F%3E\" data-czlz data-src=\"https:\/\/apartments-kadenca.com\/wp-content\/uploads\/2020\/04\/apartmani-kadenca-luka-2-009-1-600x600.jpg\" class=\"attachment-codevz_600_600\" alt=\"Apartmani Kadenca - Apartman Luka 2\" title=\"Apartmani-Kadenca-Luka-2-009\" data-srcset=\"https:\/\/apartments-kadenca.com\/wp-content\/uploads\/2020\/04\/apartmani-kadenca-luka-2-009-1-600x600.jpg 600w, https:\/\/apartments-kadenca.com\/wp-content\/uploads\/2020\/04\/apartmani-kadenca-luka-2-009-1-250x250.jpg 250w\" data-sizes=\"(max-width: 600px) 100vw, 600px\" \/><div class=\"cz_grid_details\"><i class=\"fa fa-search cz_grid_icon\"><\/i><\/div><\/a><\/div><\/div><div class=\"cz_grid_item \"><div><a class=\"cz_grid_link \" href=\"https:\/\/apartments-kadenca.com\/wp-content\/uploads\/2020\/04\/apartmani-kadenca-luka-2-010-1.jpg\" data-xtra-lightbox data-xtra-lightbox><img width=\"600\" height=\"600\" src=\"data:image\/svg+xml,%3Csvg%20xmlns%3D&#39;http%3A%2F%2Fwww.w3.org%2F2000%2Fsvg&#39;%20width=&#39;600&#39;%20height=&#39;600&#39;%20viewBox%3D&#39;0%200%20600%20600&#39;%2F%3E\" data-czlz data-src=\"https:\/\/apartments-kadenca.com\/wp-content\/uploads\/2020\/04\/apartmani-kadenca-luka-2-010-1-600x600.jpg\" class=\"attachment-codevz_600_600\" alt=\"Apartmani Kadenca - Apartman Luka 2\" title=\"Apartmani-Kadenca-Luka-2-010\" data-srcset=\"https:\/\/apartments-kadenca.com\/wp-content\/uploads\/2020\/04\/apartmani-kadenca-luka-2-010-1-600x600.jpg 600w, https:\/\/apartments-kadenca.com\/wp-content\/uploads\/2020\/04\/apartmani-kadenca-luka-2-010-1-250x250.jpg 250w\" data-sizes=\"(max-width: 600px) 100vw, 600px\" \/><div class=\"cz_grid_details\"><i class=\"fa fa-search cz_grid_icon\"><\/i><\/div><\/a><\/div><\/div><div class=\"cz_grid_item \"><div><a class=\"cz_grid_link \" href=\"https:\/\/apartments-kadenca.com\/wp-content\/uploads\/2020\/04\/apartmani-kadenca-luka-2-011-1.jpg\" data-xtra-lightbox data-xtra-lightbox><img width=\"600\" height=\"600\" src=\"data:image\/svg+xml,%3Csvg%20xmlns%3D&#39;http%3A%2F%2Fwww.w3.org%2F2000%2Fsvg&#39;%20width=&#39;600&#39;%20height=&#39;600&#39;%20viewBox%3D&#39;0%200%20600%20600&#39;%2F%3E\" data-czlz data-src=\"https:\/\/apartments-kadenca.com\/wp-content\/uploads\/2020\/04\/apartmani-kadenca-luka-2-011-1-600x600.jpg\" class=\"attachment-codevz_600_600\" alt=\"Apartmani Kadenca - Apartman Luka 2\" title=\"Apartmani-Kadenca-Luka-2-011\" data-srcset=\"https:\/\/apartments-kadenca.com\/wp-content\/uploads\/2020\/04\/apartmani-kadenca-luka-2-011-1-600x600.jpg 600w, https:\/\/apartments-kadenca.com\/wp-content\/uploads\/2020\/04\/apartmani-kadenca-luka-2-011-1-250x250.jpg 250w\" data-sizes=\"(max-width: 600px) 100vw, 600px\" \/><div class=\"cz_grid_details\"><i class=\"fa fa-search cz_grid_icon\"><\/i><\/div><\/a><\/div><\/div><div class=\"cz_grid_item \"><div><a class=\"cz_grid_link \" href=\"https:\/\/apartments-kadenca.com\/wp-content\/uploads\/2020\/04\/apartmani-kadenca-luka-2-012-1.jpg\" data-xtra-lightbox data-xtra-lightbox><img width=\"600\" height=\"600\" src=\"data:image\/svg+xml,%3Csvg%20xmlns%3D&#39;http%3A%2F%2Fwww.w3.org%2F2000%2Fsvg&#39;%20width=&#39;600&#39;%20height=&#39;600&#39;%20viewBox%3D&#39;0%200%20600%20600&#39;%2F%3E\" data-czlz data-src=\"https:\/\/apartments-kadenca.com\/wp-content\/uploads\/2020\/04\/apartmani-kadenca-luka-2-012-1-600x600.jpg\" class=\"attachment-codevz_600_600\" alt=\"Apartmani Kadenca - Apartman Luka 2\" title=\"Apartmani-Kadenca-Luka-2-012\" data-srcset=\"https:\/\/apartments-kadenca.com\/wp-content\/uploads\/2020\/04\/apartmani-kadenca-luka-2-012-1-600x600.jpg 600w, https:\/\/apartments-kadenca.com\/wp-content\/uploads\/2020\/04\/apartmani-kadenca-luka-2-012-1-250x250.jpg 250w\" data-sizes=\"(max-width: 600px) 100vw, 600px\" \/><div class=\"cz_grid_details\"><i class=\"fa fa-search cz_grid_icon\"><\/i><\/div><\/a><\/div><\/div><div class=\"cz_grid_item \"><div><a class=\"cz_grid_link \" href=\"https:\/\/apartments-kadenca.com\/wp-content\/uploads\/2020\/04\/apartmani-kadenca-luka-2-013-1.jpg\" data-xtra-lightbox data-xtra-lightbox><img width=\"600\" height=\"600\" src=\"data:image\/svg+xml,%3Csvg%20xmlns%3D&#39;http%3A%2F%2Fwww.w3.org%2F2000%2Fsvg&#39;%20width=&#39;600&#39;%20height=&#39;600&#39;%20viewBox%3D&#39;0%200%20600%20600&#39;%2F%3E\" data-czlz data-src=\"https:\/\/apartments-kadenca.com\/wp-content\/uploads\/2020\/04\/apartmani-kadenca-luka-2-013-1-600x600.jpg\" class=\"attachment-codevz_600_600\" alt=\"Apartmani Kadenca - Apartman Luka 2\" title=\"Apartmani-Kadenca-Luka-2-013\" data-srcset=\"https:\/\/apartments-kadenca.com\/wp-content\/uploads\/2020\/04\/apartmani-kadenca-luka-2-013-1-600x600.jpg 600w, https:\/\/apartments-kadenca.com\/wp-content\/uploads\/2020\/04\/apartmani-kadenca-luka-2-013-1-250x250.jpg 250w\" data-sizes=\"(max-width: 600px) 100vw, 600px\" \/><div class=\"cz_grid_details\"><i class=\"fa fa-search cz_grid_icon\"><\/i><\/div><\/a><\/div><\/div><div class=\"cz_grid_item \"><div><a class=\"cz_grid_link \" href=\"https:\/\/apartments-kadenca.com\/wp-content\/uploads\/2020\/04\/apartmani-kadenca-luka-2-014.jpg\" data-xtra-lightbox data-xtra-lightbox><img width=\"600\" height=\"600\" src=\"data:image\/svg+xml,%3Csvg%20xmlns%3D&#39;http%3A%2F%2Fwww.w3.org%2F2000%2Fsvg&#39;%20width=&#39;600&#39;%20height=&#39;600&#39;%20viewBox%3D&#39;0%200%20600%20600&#39;%2F%3E\" data-czlz data-src=\"https:\/\/apartments-kadenca.com\/wp-content\/uploads\/2020\/04\/apartmani-kadenca-luka-2-014-600x600.jpg\" class=\"attachment-codevz_600_600\" alt=\"Apartmani Kadenca - Apartman Luka 2\" title=\"Apartmani-Kadenca-Luka-2-014\" data-srcset=\"https:\/\/apartments-kadenca.com\/wp-content\/uploads\/2020\/04\/apartmani-kadenca-luka-2-014-600x600.jpg 600w, https:\/\/apartments-kadenca.com\/wp-content\/uploads\/2020\/04\/apartmani-kadenca-luka-2-014-250x250.jpg 250w\" data-sizes=\"(max-width: 600px) 100vw, 600px\" \/><div class=\"cz_grid_details\"><i class=\"fa fa-search cz_grid_icon\"><\/i><\/div><\/a><\/div><\/div><div class=\"cz_grid_item \"><div><a class=\"cz_grid_link \" href=\"https:\/\/apartments-kadenca.com\/wp-content\/uploads\/2020\/04\/tlocrt-treci-kat-luka-2.jpg\" data-xtra-lightbox data-xtra-lightbox><img width=\"600\" height=\"600\" src=\"data:image\/svg+xml,%3Csvg%20xmlns%3D&#39;http%3A%2F%2Fwww.w3.org%2F2000%2Fsvg&#39;%20width=&#39;600&#39;%20height=&#39;600&#39;%20viewBox%3D&#39;0%200%20600%20600&#39;%2F%3E\" data-czlz data-src=\"https:\/\/apartments-kadenca.com\/wp-content\/uploads\/2020\/04\/tlocrt-treci-kat-luka-2-600x600.jpg\" class=\"attachment-codevz_600_600\" alt=\"Apartmani Kadenca - Apartman Luka 2\" title=\"tlocrt-treci-kat-Luka-2\" data-srcset=\"https:\/\/apartments-kadenca.com\/wp-content\/uploads\/2020\/04\/tlocrt-treci-kat-luka-2-600x600.jpg 600w, https:\/\/apartments-kadenca.com\/wp-content\/uploads\/2020\/04\/tlocrt-treci-kat-luka-2-250x250.jpg 250w\" data-sizes=\"(max-width: 600px) 100vw, 600px\" \/><div class=\"cz_grid_details\"><i class=\"fa fa-search cz_grid_icon\"><\/i><\/div><\/a><\/div><\/div><\/div><\/div>[\/vc_column][\/vc_row]<\/p>\n","protected":false},"excerpt":{"rendered":"<p>[vc_row][vc_column width=&#8221;1\/2&#8243;][vc_column_text]Apartman je predvi\u0111en za maksimalno 4 osobe. Apartman sadr\u017ei jednu &#8230; <\/p>\n","protected":false},"author":1,"featured_media":0,"parent":99,"menu_order":0,"comment_status":"closed","ping_status":"closed","template":"","meta":[],"_links":{"self":[{"href":"https:\/\/apartments-kadenca.com\/hr\/wp-json\/wp\/v2\/pages\/127"}],"collection":[{"href":"https:\/\/apartments-kadenca.com\/hr\/wp-json\/wp\/v2\/pages"}],"about":[{"href":"https:\/\/apartments-kadenca.com\/hr\/wp-json\/wp\/v2\/types\/page"}],"author":[{"embeddable":true,"href":"https:\/\/apartments-kadenca.com\/hr\/wp-json\/wp\/v2\/users\/1"}],"replies":[{"embeddable":true,"href":"https:\/\/apartments-kadenca.com\/hr\/wp-json\/wp\/v2\/comments?post=127"}],"version-history":[{"count":3,"href":"https:\/\/apartments-kadenca.com\/hr\/wp-json\/wp\/v2\/pages\/127\/revisions"}],"predecessor-version":[{"id":145,"href":"https:\/\/apartments-kadenca.com\/hr\/wp-json\/wp\/v2\/pages\/127\/revisions\/145"}],"up":[{"embeddable":true,"href":"https:\/\/apartments-kadenca.com\/hr\/wp-json\/wp\/v2\/pages\/99"}],"wp:attachment":[{"href":"https:\/\/apartments-kadenca.com\/hr\/wp-json\/wp\/v2\/media?parent=127"}],"curies":[{"name":"wp","href":"https:\/\/api.w.org\/{rel}","templated":true}]}}